{"id":224,"date":"2024-01-29T13:37:25","date_gmt":"2024-01-29T16:37:25","guid":{"rendered":"http:\/\/localhost\/edge.uol\/?page_id=224"},"modified":"2024-08-14T18:23:49","modified_gmt":"2024-08-14T21:23:49","slug":"tech-insights","status":"publish","type":"page","link":"https:\/\/qa.edge.uol\/pt\/tech-insights\/","title":{"rendered":"Tech Insights"},"content":{"rendered":"","protected":false},"excerpt":{"rendered":"","protected":false},"author":1,"featured_media":0,"parent":0,"menu_order":0,"comment_status":"closed","ping_status":"closed","template":"","meta":{"_acf_changed":false,"inline_featured_image":false,"footnotes":""},"class_list":["post-224","page","type-page","status-publish","hentry"],"acf":[],"yoast_head":"<!-- This site is optimized with the Yoast SEO Premium plugin v27.0 (Yoast SEO v27.0) - https:\/\/yoast.com\/product\/yoast-seo-premium-wordpress\/ -->\n<title>Tech Insights | Edge UOL<\/title>\n<meta name=\"description\" content=\"Explore com a Edge UOL: Artigos, eventos e informa\u00e7\u00f5es para ir al\u00e9m e mergulhar profundamente em cada tecnologia. Inspire-se a revolucionar sua empresa., not\u00edcias e insights para transformar sua empresa com as mais avan\u00e7adas tecnologias.\" \/>\n<meta name=\"robots\" content=\"noindex, follow, max-snippet:-1, max-image-preview:large, max-video-preview:-1\" \/>\n<meta property=\"og:locale\" content=\"pt_BR\" \/>\n<meta property=\"og:type\" content=\"article\" \/>\n<meta property=\"og:title\" content=\"Tech Insights\" \/>\n<meta property=\"og:description\" content=\"Artigos, eventos e informa\u00e7\u00f5es para ir al\u00e9m e mergulhar profundamente em cada tecnologia. Inspire-se a revolucionar sua empresa.\" \/>\n<meta property=\"og:url\" content=\"https:\/\/qa.edge.uol\/pt\/tech-insights\/\" \/>\n<meta property=\"og:site_name\" content=\"Edge UOL\" \/>\n<meta property=\"article:publisher\" content=\"https:\/\/www.facebook.com\/edge.uol\/\" \/>\n<meta property=\"article:modified_time\" content=\"2024-08-14T21:23:49+00:00\" \/>\n<meta property=\"og:image\" content=\"https:\/\/qa.edge.uol\/app-holder\/uploads\/2024\/02\/hero-tech_insight_interna.jpg\" \/>\n\t<meta property=\"og:image:width\" content=\"960\" \/>\n\t<meta property=\"og:image:height\" content=\"300\" \/>\n\t<meta property=\"og:image:type\" content=\"image\/jpeg\" \/>\n<meta name=\"twitter:card\" content=\"summary_large_image\" \/>\n<meta name=\"twitter:site\" content=\"@edgeuol\" \/>\n<script type=\"application\/ld+json\" class=\"yoast-schema-graph\">{\"@context\":\"https:\/\/schema.org\",\"@graph\":[{\"@type\":\"WebPage\",\"@id\":\"https:\/\/qa.edge.uol\/pt\/tech-insights\/\",\"url\":\"https:\/\/qa.edge.uol\/pt\/tech-insights\/\",\"name\":\"Tech Insights | Edge UOL\",\"isPartOf\":{\"@id\":\"https:\/\/qa.edge.uol\/pt\/#website\"},\"datePublished\":\"2024-01-29T16:37:25+00:00\",\"dateModified\":\"2024-08-14T21:23:49+00:00\",\"description\":\"Explore com a Edge UOL: Artigos, eventos e informa\u00e7\u00f5es para ir al\u00e9m e mergulhar profundamente em cada tecnologia. Inspire-se a revolucionar sua empresa., not\u00edcias e insights para transformar sua empresa com as mais avan\u00e7adas tecnologias.\",\"breadcrumb\":{\"@id\":\"https:\/\/qa.edge.uol\/pt\/tech-insights\/#breadcrumb\"},\"inLanguage\":\"pt-BR\",\"potentialAction\":[{\"@type\":\"ReadAction\",\"target\":[\"https:\/\/qa.edge.uol\/pt\/tech-insights\/\"]}]},{\"@type\":\"BreadcrumbList\",\"@id\":\"https:\/\/qa.edge.uol\/pt\/tech-insights\/#breadcrumb\",\"itemListElement\":[{\"@type\":\"ListItem\",\"position\":1,\"name\":\"In\u00edcio\",\"item\":\"https:\/\/qa.edge.uol\/pt\/\"},{\"@type\":\"ListItem\",\"position\":2,\"name\":\"Tech Insights\"}]},{\"@type\":\"WebSite\",\"@id\":\"https:\/\/qa.edge.uol\/pt\/#website\",\"url\":\"https:\/\/qa.edge.uol\/pt\/\",\"name\":\"Edge UOL\",\"description\":\"A Edge UOL transforma a \u00e1rea de TI da sua empresa, antecipando o futuro.\",\"potentialAction\":[{\"@type\":\"SearchAction\",\"target\":{\"@type\":\"EntryPoint\",\"urlTemplate\":\"https:\/\/qa.edge.uol\/pt\/?s={search_term_string}\"},\"query-input\":{\"@type\":\"PropertyValueSpecification\",\"valueRequired\":true,\"valueName\":\"search_term_string\"}}],\"inLanguage\":\"pt-BR\"}]}<\/script>\n<!-- \/ Yoast SEO Premium plugin. -->","yoast_head_json":{"title":"Tech Insights | Edge UOL","description":"Explore com a Edge UOL: Artigos, eventos e informa\u00e7\u00f5es para ir al\u00e9m e mergulhar profundamente em cada tecnologia. Inspire-se a revolucionar sua empresa., not\u00edcias e insights para transformar sua empresa com as mais avan\u00e7adas tecnologias.","robots":{"index":"noindex","follow":"follow","max-snippet":"max-snippet:-1","max-image-preview":"max-image-preview:large","max-video-preview":"max-video-preview:-1"},"og_locale":"pt_BR","og_type":"article","og_title":"Tech Insights","og_description":"Artigos, eventos e informa\u00e7\u00f5es para ir al\u00e9m e mergulhar profundamente em cada tecnologia. Inspire-se a revolucionar sua empresa.","og_url":"https:\/\/qa.edge.uol\/pt\/tech-insights\/","og_site_name":"Edge UOL","article_publisher":"https:\/\/www.facebook.com\/edge.uol\/","article_modified_time":"2024-08-14T21:23:49+00:00","og_image":[{"width":960,"height":300,"url":"https:\/\/qa.edge.uol\/app-holder\/uploads\/2024\/02\/hero-tech_insight_interna.jpg","type":"image\/jpeg"}],"twitter_card":"summary_large_image","twitter_site":"@edgeuol","schema":{"@context":"https:\/\/schema.org","@graph":[{"@type":"WebPage","@id":"https:\/\/qa.edge.uol\/pt\/tech-insights\/","url":"https:\/\/qa.edge.uol\/pt\/tech-insights\/","name":"Tech Insights | Edge UOL","isPartOf":{"@id":"https:\/\/qa.edge.uol\/pt\/#website"},"datePublished":"2024-01-29T16:37:25+00:00","dateModified":"2024-08-14T21:23:49+00:00","description":"Explore com a Edge UOL: Artigos, eventos e informa\u00e7\u00f5es para ir al\u00e9m e mergulhar profundamente em cada tecnologia. Inspire-se a revolucionar sua empresa., not\u00edcias e insights para transformar sua empresa com as mais avan\u00e7adas tecnologias.","breadcrumb":{"@id":"https:\/\/qa.edge.uol\/pt\/tech-insights\/#breadcrumb"},"inLanguage":"pt-BR","potentialAction":[{"@type":"ReadAction","target":["https:\/\/qa.edge.uol\/pt\/tech-insights\/"]}]},{"@type":"BreadcrumbList","@id":"https:\/\/qa.edge.uol\/pt\/tech-insights\/#breadcrumb","itemListElement":[{"@type":"ListItem","position":1,"name":"In\u00edcio","item":"https:\/\/qa.edge.uol\/pt\/"},{"@type":"ListItem","position":2,"name":"Tech Insights"}]},{"@type":"WebSite","@id":"https:\/\/qa.edge.uol\/pt\/#website","url":"https:\/\/qa.edge.uol\/pt\/","name":"Edge UOL","description":"A Edge UOL transforma a \u00e1rea de TI da sua empresa, antecipando o futuro.","potentialAction":[{"@type":"SearchAction","target":{"@type":"EntryPoint","urlTemplate":"https:\/\/qa.edge.uol\/pt\/?s={search_term_string}"},"query-input":{"@type":"PropertyValueSpecification","valueRequired":true,"valueName":"search_term_string"}}],"inLanguage":"pt-BR"}]}},"_links":{"self":[{"href":"https:\/\/qa.edge.uol\/pt\/wp-json\/wp\/v2\/pages\/224","targetHints":{"allow":["GET"]}}],"collection":[{"href":"https:\/\/qa.edge.uol\/pt\/wp-json\/wp\/v2\/pages"}],"about":[{"href":"https:\/\/qa.edge.uol\/pt\/wp-json\/wp\/v2\/types\/page"}],"author":[{"embeddable":true,"href":"https:\/\/qa.edge.uol\/pt\/wp-json\/wp\/v2\/users\/1"}],"replies":[{"embeddable":true,"href":"https:\/\/qa.edge.uol\/pt\/wp-json\/wp\/v2\/comments?post=224"}],"version-history":[{"count":9,"href":"https:\/\/qa.edge.uol\/pt\/wp-json\/wp\/v2\/pages\/224\/revisions"}],"predecessor-version":[{"id":3605,"href":"https:\/\/qa.edge.uol\/pt\/wp-json\/wp\/v2\/pages\/224\/revisions\/3605"}],"wp:attachment":[{"href":"https:\/\/qa.edge.uol\/pt\/wp-json\/wp\/v2\/media?parent=224"}],"curies":[{"name":"wp","href":"https:\/\/api.w.org\/{rel}","templated":true}]}}