{"id":2306,"date":"2024-03-14T15:34:29","date_gmt":"2024-03-14T18:34:29","guid":{"rendered":"https:\/\/qa.edge.uol\/?page_id=2306"},"modified":"2025-04-14T17:34:14","modified_gmt":"2025-04-14T20:34:14","slug":"politica-de-uso","status":"publish","type":"page","link":"https:\/\/qa.edge.uol\/pt\/politica-de-uso\/","title":{"rendered":"Pol\u00edtica de uso"},"content":{"rendered":"<h3>Este documento determina a <strong>Pol\u00edtica de Uso Aceit\u00e1vel (\u201cPUA\u201d) da Edge UOL<\/strong>, para cada cliente da Edge UOL e usu\u00e1rio da rede de banda larga e\/ou dos Internet Data Centers da Edge UOL (doravante, \u201cCliente\u201d). Esta PUA substitui qualquer outra pol\u00edtica escrita ou oral referente a esta quest\u00e3o.<\/h3>\n<h5>A Edge UOL reserva o direito de modificar esta PUA a qualquer momento.<\/h5>\n<p>As provis\u00f5es desta PUA n\u00e3o s\u00e3o findas. \u00c9 estritamente proibida qualquer atividade ou conduta que cause viola\u00e7\u00e3o \u00e0s leis, regulamenta\u00e7\u00f5es ou normas determinadas pela comunidade da Internet, ou que possam prejudicar as instala\u00e7\u00f5es, a rede, a reputa\u00e7\u00e3o, a boa f\u00e9, ou as rela\u00e7\u00f5es com clientes da Edge UOL, expressamente mencionadas ou n\u00e3o nesta PUA.<\/p>\n<h4>Da mesma maneira a Edge UOL assume os seguintes compromissos com a seguran\u00e7a e privacidade dos Usu\u00e1rios:<\/h4>\n<h5>Controle do Conte\u00fado do Cliente<\/h5>\n<p>O Cliente reconhece que a Edge UOL n\u00e3o exerce controle sobre qualquer conte\u00fado de informa\u00e7\u00f5es originadas de ou armazenadas no, ou ainda, passadas atrav\u00e9s, do site do (s) Cliente(s) e que \u00e9 total responsabilidade do Cliente certificar-se que as informa\u00e7\u00f5es que o Cliente e seus usu\u00e1rios transmitem, recebem ou armazenem estejam de acordo com as leis e regulamenta\u00e7\u00f5es aplic\u00e1veis, e com esta PUA.<\/p>\n<h5>Seguran\u00e7a de Sistema e Rede<\/h5>\n<p>S\u00e3o proibidas viola\u00e7\u00f5es \u00e0 seguran\u00e7a do sistema e da rede, e tais viola\u00e7\u00f5es podem resultar em responsabilidade criminal ou civil. Os clientes n\u00e3o podem: (i) adulterar contas de outros clientes, (ii) cometer invas\u00f5es n\u00e3o autorizadas a qualquer parte da rede ou dos sistemas da Edge UOL; (iii) utilizar quaisquer equipamentos, arquivos, contas ou sistemas da Edge UOL para invadir sem autoriza\u00e7\u00e3o, qualquer outra rede; (iv) obter acesso n\u00e3o autorizado \u00e0 ou uso dos dados, sistemas ou redes, incluindo qualquer tentativa de investigar, examinar ou testar a vulnerabilidade da rede, dos dispositivos da rede, ou violar a seguran\u00e7a ou medidas de autentica\u00e7\u00f5es, sem autoriza\u00e7\u00e3o expressa da Edge UOL; (v) aproveitar-se de monitora\u00e7\u00e3o n\u00e3o autorizada de dados ou tr\u00e1fego em qualquer rede ou sistema sem a autoriza\u00e7\u00e3o expressa do dono do sistema ou rede; (vi) usar servi\u00e7os da Edge UOL n\u00e3o inclusos na conta do Cliente, nem tampouco burlar a seguran\u00e7a (ou dar assist\u00eancia a outros para burlar a seguran\u00e7a) para obter acesso aos servi\u00e7os para os quais a pessoa que est\u00e1 acessando estes servi\u00e7os n\u00e3o tenha entrado num acordo com (ou ligado) a Edge UOL, inclusive, e n\u00e3o limitada a, quebra de sigilo de senha e a persuas\u00e3o a terceiros para a libera\u00e7\u00e3o de senha; (vii) usar a rede e os sistemas da Edge UOL de maneira que obstrua espa\u00e7os no disco, processadores ou outros recursos de sistemas de maneira irracional, e al\u00e9m dos permitidos pelo tipo espec\u00edfico da conta do cliente. Os clientes n\u00e3o devem fazer tentativas deliberadas para interferir com um servi\u00e7o, sobrecarregar um servi\u00e7o ou, ainda, tentar desativar um host, inclusive aderir a ataques de nega\u00e7\u00e3o de servi\u00e7os (enviando pacotes com tamanho de pacote ilegal, flooding de UDP, ping-flooding, half-open TCP connection flooding, etc.); ou (viii) modificar qualquer header do pacote TCP-IP ou qualquer parte da informa\u00e7\u00e3o do header num e-mail ou num newsgroup posting. A Edge UOL ir\u00e1 investigar incidentes envolvendo tais viola\u00e7\u00f5es e poder\u00e1 envolver e cooperar com a for\u00e7a da lei caso uma viola\u00e7\u00e3o criminal seja suspeita.<\/p>\n<h5>Uso Proibido<\/h5>\n<p>\u00c9 viola\u00e7\u00e3o destas pol\u00edticas o Cliente conscientemente utilizar as instala\u00e7\u00f5es ou os servi\u00e7os da Edge UOL, inclusive qualquer acesso \u00e0 Internet, hosting de web site e servi\u00e7os de design do web site da Edge UOL, para criar, transmitir, distribuir, colocar, armazenar ou tornar dispon\u00edvel atrav\u00e9s da Internet qualquer material que seja ilegal ou esteja em viola\u00e7\u00e3o com qualquer regulamenta\u00e7\u00e3o aplic\u00e1vel, ou que seja abusiva ou prejudicial \u00e0s instala\u00e7\u00f5es, aos clientes, \u00e0 boa f\u00e9 ou \u00e0 reputa\u00e7\u00e3o da Edge UOL. Comunica\u00e7\u00f5es proibidas por esta Pol\u00edtica incluem, mas n\u00e3o est\u00e3o limitadas a: materiais que infringem marca registrada (copyright), segredo comercial ou outro direito de propriedade intelectual; material que viole leis ou regulamenta\u00e7\u00f5es referentes a obscenidade, indec\u00eancia, ou pornografia infantil; material que seja acusat\u00f3rio ou difamat\u00f3rio; material que constitua uma amea\u00e7a ilegal; e material que viole quaisquer leis e regulamenta\u00e7\u00f5es aplic\u00e1veis de controle de importa\u00e7\u00e3o e exporta\u00e7\u00e3o. Apesar de n\u00e3o ser pol\u00edtica da Edge UOL monitorar, censurar ou editar informa\u00e7\u00f5es dispon\u00edveis atrav\u00e9s de suas instala\u00e7\u00f5es, a Edge UOL reserva o direito de tomar as provid\u00eancias necess\u00e1rias quando tomar conhecimento de transmiss\u00f5es, an\u00fancios ou outros tipos de comunica\u00e7\u00f5es que violem esta PUA.<\/p>\n<h5>E-mail e Usenet<\/h5>\n<p>O Cliente n\u00e3o poder\u00e1: (i) enviar e-mail n\u00e3o solicitado ou comercial a qualquer outra conta de Cliente que n\u00e3o tenha especificamente solicitado tais informa\u00e7\u00f5es, ou, ainda, que gere reclama\u00e7\u00f5es dos que receberam tais e-mails n\u00e3o solicitados; (ii) flood\/spam newsgroups com an\u00fancios comerciais ou n\u00e3o comerciais (iii) continuar a enviar e-mail comercial \u00e0queles que pediram ao Cliente para cessar tal comunica\u00e7\u00e3o; (iv) usar qualquer servi\u00e7o ou instala\u00e7\u00e3o da Edge UOL para a composi\u00e7\u00e3o, o armazenamento, distribui\u00e7\u00e3o ou recebimento de grande quantidade de e-mail, e-mail abusivo ou qualquer forma de e-mail comercial n\u00e3o solicitado; (v) transmitir e-mail obsceno, com ass\u00e9dio, acusat\u00f3rio, difamat\u00f3rio , amea\u00e7ador, abusivo ou com odiosidade a pessoas que n\u00e3o tenham consentido; (vi) usar a conta, ou conex\u00e3o \u00e0 rede, para receber respostas de mensagens enviadas por qualquer outro provedor que viole as regras desta PUA ou as do provedor de origem; ou (vii) usar servidor de correio de outro site para enviar correio sem a permiss\u00e3o expressa do site.<\/p>\n<h5>Efetiva\u00e7\u00e3o<\/h5>\n<p>O Cliente \u00e9 respons\u00e1vel pelas atividades de seus clientes, representantes ou usu\u00e1rios finais e, ao aceitar os servi\u00e7os da Edge UOL, est\u00e1 concordando em certificar-se de que seus clientes\/representantes ou usu\u00e1rios finais sigam esta PUA. Reclama\u00e7\u00f5es referentes a clientes\/representantes ou usu\u00e1rios finais de um Cliente ser\u00e3o encaminhadas para a \u00e1rea de Seguran\u00e7a da Informa\u00e7\u00e3o avaliar afim de que sejam tomadas as a\u00e7\u00f5es necess\u00e1rias. Caso viola\u00e7\u00f5es a esta PUA ocorram, a Edge UOL reserva o direito de encerrar (integralmente ou parte) os servi\u00e7os, ou tomar provid\u00eancias para interromper as viola\u00e7\u00f5es a esta PUA ocasionadas pelo Cliente, quando a Edge UOL considerar apropriado, sem aviso pr\u00e9vio.<\/p>\n<h6>TENTATIVAS DE VIOLA\u00c7\u00d5ES OU VIOLA\u00c7\u00d5ES INDIRETAS DESTA PUA, TENTATIVAS DE OU VERDADEIRAS VIOLA\u00c7\u00d5ES POR TERCEIRIZADOS POR MEIO DE CLIENTES DA EDGE UOL OU UM USU\u00c1RIO FINAL DO CLIENTE, DEVER\u00c3O SER CONSIDERADOS COMO VIOLA\u00c7\u00d5ES DA PUA PELO CLIENTE OU USU\u00c1RIO FINAL.<\/h6>\n<p>Reclama\u00e7\u00f5es referentes a abuso de E-mail, Usenet e Spam dever\u00e3o ser enviadas a:<br \/>\n<strong>l-seguranca@edge.uol<\/strong><\/p>\n","protected":false},"excerpt":{"rendered":"<p>Este documento determina a Pol\u00edtica de Uso Aceit\u00e1vel (\u201cPUA\u201d) da Edge UOL, para cada cliente da Edge UOL e usu\u00e1rio da rede de banda larga e\/ou dos Internet Data Centers da Edge UOL (doravante, \u201cCliente\u201d). Esta PUA substitui qualquer outra pol\u00edtica escrita ou oral referente a esta quest\u00e3o. A Edge UOL reserva o direito de [&hellip;]<\/p>\n","protected":false},"author":1,"featured_media":0,"parent":0,"menu_order":0,"comment_status":"closed","ping_status":"closed","template":"page-politica.php","meta":{"_acf_changed":false,"inline_featured_image":false,"footnotes":""},"class_list":["post-2306","page","type-page","status-publish","hentry"],"acf":[],"yoast_head":"<!-- This site is optimized with the Yoast SEO Premium plugin v27.0 (Yoast SEO v27.0) - https:\/\/yoast.com\/product\/yoast-seo-premium-wordpress\/ -->\n<title>Pol\u00edtica de uso | Edge UOL<\/title>\n<meta name=\"description\" content=\"Este documento determina a Pol\u00edtica de Uso Aceit\u00e1vel (\u201cPUA\u201d) da Edge UOL, para cada cliente da Edge UOL e usu\u00e1rio da rede de banda larga e\/ou dos Internet\" \/>\n<meta name=\"robots\" content=\"noindex, nofollow\" \/>\n<meta property=\"og:locale\" content=\"pt_BR\" \/>\n<meta property=\"og:type\" content=\"article\" \/>\n<meta property=\"og:title\" content=\"Pol\u00edtica de uso\" \/>\n<meta property=\"og:description\" content=\"Este documento determina a Pol\u00edtica de Uso Aceit\u00e1vel (\u201cPUA\u201d) da Edge UOL, para cada cliente da Edge UOL e usu\u00e1rio da rede de banda larga e\/ou dos Internet\" \/>\n<meta property=\"og:url\" content=\"https:\/\/qa.edge.uol\/pt\/politica-de-uso\/\" \/>\n<meta property=\"og:site_name\" content=\"Edge UOL\" \/>\n<meta property=\"article:publisher\" content=\"https:\/\/www.facebook.com\/edge.uol\/\" \/>\n<meta property=\"article:modified_time\" content=\"2025-04-14T20:34:14+00:00\" \/>\n<meta property=\"og:image\" content=\"https:\/\/qa.edge.uol\/app-holder\/uploads\/2024\/03\/edgeuol-seo.jpg\" \/>\n\t<meta property=\"og:image:width\" content=\"1200\" \/>\n\t<meta property=\"og:image:height\" content=\"675\" \/>\n\t<meta property=\"og:image:type\" content=\"image\/jpeg\" \/>\n<meta name=\"twitter:card\" content=\"summary_large_image\" \/>\n<meta name=\"twitter:site\" content=\"@edgeuol\" \/>\n<meta name=\"twitter:label1\" content=\"Est. tempo de leitura\" \/>\n\t<meta name=\"twitter:data1\" content=\"6 minutos\" \/>\n<script type=\"application\/ld+json\" class=\"yoast-schema-graph\">{\"@context\":\"https:\/\/schema.org\",\"@graph\":[{\"@type\":\"WebPage\",\"@id\":\"https:\/\/qa.edge.uol\/pt\/politica-de-uso\/\",\"url\":\"https:\/\/qa.edge.uol\/pt\/politica-de-uso\/\",\"name\":\"Pol\u00edtica de uso | Edge UOL\",\"isPartOf\":{\"@id\":\"https:\/\/qa.edge.uol\/pt\/#website\"},\"datePublished\":\"2024-03-14T18:34:29+00:00\",\"dateModified\":\"2025-04-14T20:34:14+00:00\",\"description\":\"Este documento determina a Pol\u00edtica de Uso Aceit\u00e1vel (\u201cPUA\u201d) da Edge UOL, para cada cliente da Edge UOL e usu\u00e1rio da rede de banda larga e\/ou dos Internet\",\"breadcrumb\":{\"@id\":\"https:\/\/qa.edge.uol\/pt\/politica-de-uso\/#breadcrumb\"},\"inLanguage\":\"pt-BR\",\"potentialAction\":[{\"@type\":\"ReadAction\",\"target\":[\"https:\/\/qa.edge.uol\/pt\/politica-de-uso\/\"]}]},{\"@type\":\"BreadcrumbList\",\"@id\":\"https:\/\/qa.edge.uol\/pt\/politica-de-uso\/#breadcrumb\",\"itemListElement\":[{\"@type\":\"ListItem\",\"position\":1,\"name\":\"In\u00edcio\",\"item\":\"https:\/\/qa.edge.uol\/pt\/\"},{\"@type\":\"ListItem\",\"position\":2,\"name\":\"Pol\u00edtica de uso\"}]},{\"@type\":\"WebSite\",\"@id\":\"https:\/\/qa.edge.uol\/pt\/#website\",\"url\":\"https:\/\/qa.edge.uol\/pt\/\",\"name\":\"Edge UOL\",\"description\":\"A Edge UOL transforma a \u00e1rea de TI da sua empresa, antecipando o futuro.\",\"potentialAction\":[{\"@type\":\"SearchAction\",\"target\":{\"@type\":\"EntryPoint\",\"urlTemplate\":\"https:\/\/qa.edge.uol\/pt\/?s={search_term_string}\"},\"query-input\":{\"@type\":\"PropertyValueSpecification\",\"valueRequired\":true,\"valueName\":\"search_term_string\"}}],\"inLanguage\":\"pt-BR\"}]}<\/script>\n<!-- \/ Yoast SEO Premium plugin. -->","yoast_head_json":{"title":"Pol\u00edtica de uso | Edge UOL","description":"Este documento determina a Pol\u00edtica de Uso Aceit\u00e1vel (\u201cPUA\u201d) da Edge UOL, para cada cliente da Edge UOL e usu\u00e1rio da rede de banda larga e\/ou dos Internet","robots":{"index":"noindex","follow":"nofollow"},"og_locale":"pt_BR","og_type":"article","og_title":"Pol\u00edtica de uso","og_description":"Este documento determina a Pol\u00edtica de Uso Aceit\u00e1vel (\u201cPUA\u201d) da Edge UOL, para cada cliente da Edge UOL e usu\u00e1rio da rede de banda larga e\/ou dos Internet","og_url":"https:\/\/qa.edge.uol\/pt\/politica-de-uso\/","og_site_name":"Edge UOL","article_publisher":"https:\/\/www.facebook.com\/edge.uol\/","article_modified_time":"2025-04-14T20:34:14+00:00","og_image":[{"width":1200,"height":675,"url":"https:\/\/qa.edge.uol\/app-holder\/uploads\/2024\/03\/edgeuol-seo.jpg","type":"image\/jpeg"}],"twitter_card":"summary_large_image","twitter_site":"@edgeuol","twitter_misc":{"Est. tempo de leitura":"6 minutos"},"schema":{"@context":"https:\/\/schema.org","@graph":[{"@type":"WebPage","@id":"https:\/\/qa.edge.uol\/pt\/politica-de-uso\/","url":"https:\/\/qa.edge.uol\/pt\/politica-de-uso\/","name":"Pol\u00edtica de uso | Edge UOL","isPartOf":{"@id":"https:\/\/qa.edge.uol\/pt\/#website"},"datePublished":"2024-03-14T18:34:29+00:00","dateModified":"2025-04-14T20:34:14+00:00","description":"Este documento determina a Pol\u00edtica de Uso Aceit\u00e1vel (\u201cPUA\u201d) da Edge UOL, para cada cliente da Edge UOL e usu\u00e1rio da rede de banda larga e\/ou dos Internet","breadcrumb":{"@id":"https:\/\/qa.edge.uol\/pt\/politica-de-uso\/#breadcrumb"},"inLanguage":"pt-BR","potentialAction":[{"@type":"ReadAction","target":["https:\/\/qa.edge.uol\/pt\/politica-de-uso\/"]}]},{"@type":"BreadcrumbList","@id":"https:\/\/qa.edge.uol\/pt\/politica-de-uso\/#breadcrumb","itemListElement":[{"@type":"ListItem","position":1,"name":"In\u00edcio","item":"https:\/\/qa.edge.uol\/pt\/"},{"@type":"ListItem","position":2,"name":"Pol\u00edtica de uso"}]},{"@type":"WebSite","@id":"https:\/\/qa.edge.uol\/pt\/#website","url":"https:\/\/qa.edge.uol\/pt\/","name":"Edge UOL","description":"A Edge UOL transforma a \u00e1rea de TI da sua empresa, antecipando o futuro.","potentialAction":[{"@type":"SearchAction","target":{"@type":"EntryPoint","urlTemplate":"https:\/\/qa.edge.uol\/pt\/?s={search_term_string}"},"query-input":{"@type":"PropertyValueSpecification","valueRequired":true,"valueName":"search_term_string"}}],"inLanguage":"pt-BR"}]}},"_links":{"self":[{"href":"https:\/\/qa.edge.uol\/pt\/wp-json\/wp\/v2\/pages\/2306","targetHints":{"allow":["GET"]}}],"collection":[{"href":"https:\/\/qa.edge.uol\/pt\/wp-json\/wp\/v2\/pages"}],"about":[{"href":"https:\/\/qa.edge.uol\/pt\/wp-json\/wp\/v2\/types\/page"}],"author":[{"embeddable":true,"href":"https:\/\/qa.edge.uol\/pt\/wp-json\/wp\/v2\/users\/1"}],"replies":[{"embeddable":true,"href":"https:\/\/qa.edge.uol\/pt\/wp-json\/wp\/v2\/comments?post=2306"}],"version-history":[{"count":6,"href":"https:\/\/qa.edge.uol\/pt\/wp-json\/wp\/v2\/pages\/2306\/revisions"}],"predecessor-version":[{"id":6522,"href":"https:\/\/qa.edge.uol\/pt\/wp-json\/wp\/v2\/pages\/2306\/revisions\/6522"}],"wp:attachment":[{"href":"https:\/\/qa.edge.uol\/pt\/wp-json\/wp\/v2\/media?parent=2306"}],"curies":[{"name":"wp","href":"https:\/\/api.w.org\/{rel}","templated":true}]}}