{"id":498,"date":"2024-02-07T15:29:11","date_gmt":"2024-02-07T18:29:11","guid":{"rendered":"http:\/\/qa.edge.uol\/?page_id=498"},"modified":"2026-03-03T22:54:10","modified_gmt":"2026-03-04T01:54:10","slug":"notanet","status":"publish","type":"page","link":"https:\/\/qa.edge.uol\/pt\/payment-solutions\/notanet\/","title":{"rendered":"Notanet"},"content":{"rendered":"","protected":false},"excerpt":{"rendered":"","protected":false},"author":1,"featured_media":0,"parent":130,"menu_order":0,"comment_status":"closed","ping_status":"closed","template":"page_solution2.php","meta":{"_acf_changed":false,"inline_featured_image":false,"footnotes":""},"class_list":["post-498","page","type-page","status-publish","hentry"],"acf":[],"yoast_head":"<!-- This site is optimized with the Yoast SEO Premium plugin v27.0 (Yoast SEO v27.0) - https:\/\/yoast.com\/product\/yoast-seo-premium-wordpress\/ -->\n<title>Notanet | Edge UOL<\/title>\n<meta name=\"description\" content=\"O Notanet \u00e9 um servi\u00e7o SaaS de emiss\u00e3o de notas fiscais eletr\u00f4nicas.\" \/>\n<meta name=\"robots\" content=\"noindex, follow, max-snippet:-1, max-image-preview:large, max-video-preview:-1\" \/>\n<meta property=\"og:locale\" content=\"pt_BR\" \/>\n<meta property=\"og:type\" content=\"article\" \/>\n<meta property=\"og:title\" content=\"Notanet\" \/>\n<meta property=\"og:description\" content=\"O Notanet \u00e9 um servi\u00e7o SaaS de emiss\u00e3o de notas fiscais eletr\u00f4nicas.\" \/>\n<meta property=\"og:url\" content=\"https:\/\/qa.edge.uol\/pt\/payment-solutions\/notanet\/\" \/>\n<meta property=\"og:site_name\" content=\"Edge UOL\" \/>\n<meta property=\"article:publisher\" content=\"https:\/\/www.facebook.com\/edge.uol\/\" \/>\n<meta property=\"article:modified_time\" content=\"2026-03-04T01:54:10+00:00\" \/>\n<meta property=\"og:image\" content=\"https:\/\/qa.edge.uol\/app-holder\/uploads\/2024\/02\/hero-payment-solutions.jpg\" \/>\n\t<meta property=\"og:image:width\" content=\"1000\" \/>\n\t<meta property=\"og:image:height\" content=\"529\" \/>\n\t<meta property=\"og:image:type\" content=\"image\/jpeg\" \/>\n<meta name=\"twitter:card\" content=\"summary_large_image\" \/>\n<meta name=\"twitter:site\" content=\"@edgeuol\" \/>\n<meta name=\"twitter:label1\" content=\"Est. tempo de leitura\" \/>\n\t<meta name=\"twitter:data1\" content=\"3 minutos\" \/>\n<script type=\"application\/ld+json\" class=\"yoast-schema-graph\">{\"@context\":\"https:\/\/schema.org\",\"@graph\":[{\"@type\":\"WebPage\",\"@id\":\"https:\/\/qa.edge.uol\/pt\/payment-solutions\/notanet\/\",\"url\":\"https:\/\/qa.edge.uol\/pt\/payment-solutions\/notanet\/\",\"name\":\"Notanet | Edge UOL\",\"isPartOf\":{\"@id\":\"https:\/\/qa.edge.uol\/pt\/#website\"},\"datePublished\":\"2024-02-07T18:29:11+00:00\",\"dateModified\":\"2026-03-04T01:54:10+00:00\",\"description\":\"O Notanet \u00e9 um servi\u00e7o SaaS de emiss\u00e3o de notas fiscais eletr\u00f4nicas.\",\"breadcrumb\":{\"@id\":\"https:\/\/qa.edge.uol\/pt\/payment-solutions\/notanet\/#breadcrumb\"},\"inLanguage\":\"pt-BR\",\"potentialAction\":[{\"@type\":\"ReadAction\",\"target\":[\"https:\/\/qa.edge.uol\/pt\/payment-solutions\/notanet\/\"]}]},{\"@type\":\"BreadcrumbList\",\"@id\":\"https:\/\/qa.edge.uol\/pt\/payment-solutions\/notanet\/#breadcrumb\",\"itemListElement\":[{\"@type\":\"ListItem\",\"position\":1,\"name\":\"In\u00edcio\",\"item\":\"https:\/\/qa.edge.uol\/pt\/\"},{\"@type\":\"ListItem\",\"position\":2,\"name\":\"Payment Solutions\",\"item\":\"https:\/\/qa.edge.uol\/pt\/payment-solutions\/\"},{\"@type\":\"ListItem\",\"position\":3,\"name\":\"Notanet\"}]},{\"@type\":\"WebSite\",\"@id\":\"https:\/\/qa.edge.uol\/pt\/#website\",\"url\":\"https:\/\/qa.edge.uol\/pt\/\",\"name\":\"Edge UOL\",\"description\":\"A Edge UOL transforma a \u00e1rea de TI da sua empresa, antecipando o futuro.\",\"potentialAction\":[{\"@type\":\"SearchAction\",\"target\":{\"@type\":\"EntryPoint\",\"urlTemplate\":\"https:\/\/qa.edge.uol\/pt\/?s={search_term_string}\"},\"query-input\":{\"@type\":\"PropertyValueSpecification\",\"valueRequired\":true,\"valueName\":\"search_term_string\"}}],\"inLanguage\":\"pt-BR\"}]}<\/script>\n<!-- \/ Yoast SEO Premium plugin. -->","yoast_head_json":{"title":"Notanet | Edge UOL","description":"O Notanet \u00e9 um servi\u00e7o SaaS de emiss\u00e3o de notas fiscais eletr\u00f4nicas.","robots":{"index":"noindex","follow":"follow","max-snippet":"max-snippet:-1","max-image-preview":"max-image-preview:large","max-video-preview":"max-video-preview:-1"},"og_locale":"pt_BR","og_type":"article","og_title":"Notanet","og_description":"O Notanet \u00e9 um servi\u00e7o SaaS de emiss\u00e3o de notas fiscais eletr\u00f4nicas.","og_url":"https:\/\/qa.edge.uol\/pt\/payment-solutions\/notanet\/","og_site_name":"Edge UOL","article_publisher":"https:\/\/www.facebook.com\/edge.uol\/","article_modified_time":"2026-03-04T01:54:10+00:00","og_image":[{"width":1000,"height":529,"url":"https:\/\/qa.edge.uol\/app-holder\/uploads\/2024\/02\/hero-payment-solutions.jpg","type":"image\/jpeg"}],"twitter_card":"summary_large_image","twitter_site":"@edgeuol","twitter_misc":{"Est. tempo de leitura":"3 minutos"},"schema":{"@context":"https:\/\/schema.org","@graph":[{"@type":"WebPage","@id":"https:\/\/qa.edge.uol\/pt\/payment-solutions\/notanet\/","url":"https:\/\/qa.edge.uol\/pt\/payment-solutions\/notanet\/","name":"Notanet | Edge UOL","isPartOf":{"@id":"https:\/\/qa.edge.uol\/pt\/#website"},"datePublished":"2024-02-07T18:29:11+00:00","dateModified":"2026-03-04T01:54:10+00:00","description":"O Notanet \u00e9 um servi\u00e7o SaaS de emiss\u00e3o de notas fiscais eletr\u00f4nicas.","breadcrumb":{"@id":"https:\/\/qa.edge.uol\/pt\/payment-solutions\/notanet\/#breadcrumb"},"inLanguage":"pt-BR","potentialAction":[{"@type":"ReadAction","target":["https:\/\/qa.edge.uol\/pt\/payment-solutions\/notanet\/"]}]},{"@type":"BreadcrumbList","@id":"https:\/\/qa.edge.uol\/pt\/payment-solutions\/notanet\/#breadcrumb","itemListElement":[{"@type":"ListItem","position":1,"name":"In\u00edcio","item":"https:\/\/qa.edge.uol\/pt\/"},{"@type":"ListItem","position":2,"name":"Payment Solutions","item":"https:\/\/qa.edge.uol\/pt\/payment-solutions\/"},{"@type":"ListItem","position":3,"name":"Notanet"}]},{"@type":"WebSite","@id":"https:\/\/qa.edge.uol\/pt\/#website","url":"https:\/\/qa.edge.uol\/pt\/","name":"Edge UOL","description":"A Edge UOL transforma a \u00e1rea de TI da sua empresa, antecipando o futuro.","potentialAction":[{"@type":"SearchAction","target":{"@type":"EntryPoint","urlTemplate":"https:\/\/qa.edge.uol\/pt\/?s={search_term_string}"},"query-input":{"@type":"PropertyValueSpecification","valueRequired":true,"valueName":"search_term_string"}}],"inLanguage":"pt-BR"}]}},"_links":{"self":[{"href":"https:\/\/qa.edge.uol\/pt\/wp-json\/wp\/v2\/pages\/498","targetHints":{"allow":["GET"]}}],"collection":[{"href":"https:\/\/qa.edge.uol\/pt\/wp-json\/wp\/v2\/pages"}],"about":[{"href":"https:\/\/qa.edge.uol\/pt\/wp-json\/wp\/v2\/types\/page"}],"author":[{"embeddable":true,"href":"https:\/\/qa.edge.uol\/pt\/wp-json\/wp\/v2\/users\/1"}],"replies":[{"embeddable":true,"href":"https:\/\/qa.edge.uol\/pt\/wp-json\/wp\/v2\/comments?post=498"}],"version-history":[{"count":21,"href":"https:\/\/qa.edge.uol\/pt\/wp-json\/wp\/v2\/pages\/498\/revisions"}],"predecessor-version":[{"id":8093,"href":"https:\/\/qa.edge.uol\/pt\/wp-json\/wp\/v2\/pages\/498\/revisions\/8093"}],"up":[{"embeddable":true,"href":"https:\/\/qa.edge.uol\/pt\/wp-json\/wp\/v2\/pages\/130"}],"wp:attachment":[{"href":"https:\/\/qa.edge.uol\/pt\/wp-json\/wp\/v2\/media?parent=498"}],"curies":[{"name":"wp","href":"https:\/\/api.w.org\/{rel}","templated":true}]}}